{"id":299,"date":"2021-10-05T16:10:06","date_gmt":"2021-10-05T16:10:06","guid":{"rendered":"https:\/\/zulassung-krefeld.de\/?page_id=299"},"modified":"2021-10-05T16:12:33","modified_gmt":"2021-10-05T16:12:33","slug":"impressum","status":"publish","type":"page","link":"https:\/\/zulassung-krefeld.de\/en\/impressum\/","title":{"rendered":"Impressum"},"content":{"rendered":"\t\t<div data-elementor-type=\"wp-page\" data-elementor-id=\"299\" class=\"elementor elementor-299\" data-elementor-post-type=\"page\">\n\t\t\t\t\t\t<section class=\"elementor-section elementor-top-section elementor-element elementor-element-7420b0c elementor-section-boxed elementor-section-height-default elementor-section-height-default\" data-id=\"7420b0c\" data-element_type=\"section\" data-e-type=\"section\">\n\t\t\t\t\t\t<div class=\"elementor-container elementor-column-gap-default\">\n\t\t\t\t\t<div class=\"elementor-column elementor-col-100 elementor-top-column elementor-element elementor-element-2291b5a\" data-id=\"2291b5a\" data-element_type=\"column\" data-e-type=\"column\">\n\t\t\t<div class=\"elementor-widget-wrap elementor-element-populated\">\n\t\t\t\t\t\t<div class=\"elementor-element elementor-element-2877a6f elementor-widget elementor-widget-heading\" data-id=\"2877a6f\" data-element_type=\"widget\" data-e-type=\"widget\" data-widget_type=\"heading.default\">\n\t\t\t\t<div class=\"elementor-widget-container\">\n\t\t\t\t\t<h2 class=\"elementor-heading-title elementor-size-default\">Impressum<\/h2>\t\t\t\t<\/div>\n\t\t\t\t<\/div>\n\t\t\t\t<div class=\"elementor-element elementor-element-bdfa936 elementor-widget elementor-widget-text-editor\" data-id=\"bdfa936\" data-element_type=\"widget\" data-e-type=\"widget\" data-widget_type=\"text-editor.default\">\n\t\t\t\t<div class=\"elementor-widget-container\">\n\t\t\t\t\t\t\t\t\t<p>Zulassung-Krefeld.de ist ein Service der Firma Smartparts24 in Krefeld.<\/p><p>Gerne k\u00f6nnen Sie uns auch \u00fcber die Mail: mail@zulassung-krefeld.de direkt erreichen. F\u00fcr alle anderen Anfragen nutzen Sie die unter E-Mail.<\/p><h2>Angaben gem\u00e4\u00df \u00a7 5 TMG:<\/h2><p><strong>Smartparts24<\/strong><br \/>Giuseppe Avolio<br \/>Neu- und Gebrauchtwagenh\u00e4ndler, KFZ-Ersatzteilh\u00e4ndler<br \/>Magdeburgerstra\u00dfe 21-23<br \/>47800 Krefeld<\/p><h2>Kontakt:<\/h2><table><tbody><tr><td>Telefon:<\/td><td>02151 4866267<\/td><\/tr><tr><td>Telefax:<\/td><td>02151 4866285<\/td><\/tr><tr><td>E-Mail:<\/td><td>info@smartparts24.de<\/td><\/tr><\/tbody><\/table><p>Umsatzsteuer-Identifikationsnummer gem\u00e4\u00df<br \/>\u00a727 a Umsatzsteuergesetz:<br \/>DE 192319810<\/p><h2>Aufsichtsbeh\u00f6rde:<\/h2><p>Krefeld<\/p><p>\u00a0<\/p><p>[gzd_complaints]<br \/>Unsere E-Mail-Adresse finden Sie oben im Impressum.<\/p><p>\u00a0<\/p><p>Wir sind nicht bereit oder<br \/>verpflichtet, an Streitbeilegungsverfahren vor einer Verbraucherschlichtungsstelle teilzunehmen.<\/p><h2>Haftung f\u00fcr Inhalte<\/h2><p>Als Diensteanbieter sind wir gem\u00e4\u00df \u00a7 7 Abs.1 TMG<br \/>f\u00fcr eigene Inhalte auf diesen Seiten nach den allgemeinen Gesetzen verantwortlich. Nach<br \/>\u00a7\u00a7 8 bis 10 TMG sind wir als Diensteanbieter jedoch nicht verpflichtet, \u00fcbermittelte oder<br \/>gespeicherte fremde Informationen zu \u00fcberwachen oder nach Umst\u00e4nden zu forschen, die auf<br \/>eine rechtswidrige T\u00e4tigkeit hinweisen.<\/p><p>Verpflichtungen zur Entfernung oder Sperrung der<br \/>Nutzung von Informationen nach den allgemeinen Gesetzen bleiben hiervon unber\u00fchrt. Eine<br \/>diesbez\u00fcgliche Haftung ist jedoch erst ab dem Zeitpunkt der Kenntnis einer konkreten<br \/>Rechtsverletzung m\u00f6glich. Bei Bekanntwerden von entsprechenden Rechtsverletzungen werden wir<br \/>diese Inhalte umgehend entfernen.<\/p><h2>Haftung f\u00fcr Links<\/h2><p>Unser Angebot<br \/>enth\u00e4lt Links zu externen Webseiten Dritter, auf deren Inhalte wir keinen Einfluss haben. Deshalb<br \/>k\u00f6nnen wir f\u00fcr diese fremden Inhalte auch keine Gew\u00e4hr \u00fcbernehmen. F\u00fcr<br \/>die Inhalte der verlinkten Seiten ist stets der jeweilige Anbieter oder Betreiber der Seiten verantwortlich.<br \/>Die verlinkten Seiten wurden zum Zeitpunkt der Verlinkung auf m\u00f6gliche Rechtsverst\u00f6\u00dfe<br \/>\u00fcberpr\u00fcft. Rechtswidrige Inhalte waren zum Zeitpunkt der Verlinkung nicht erkennbar.<\/p><p>Eine permanente inhaltliche Kontrolle der verlinkten Seiten ist jedoch ohne konkrete Anhaltspunkte einer<br \/>Rechtsverletzung nicht zumutbar. Bei Bekanntwerden von Rechtsverletzungen werden wir derartige Links<br \/>umgehend entfernen.<\/p><h2>Urheberrecht<\/h2><p>Die durch die Seitenbetreiber erstellten Inhalte und<br \/>Werke auf diesen Seiten unterliegen dem deutschen Urheberrecht. Die Vervielf\u00e4ltigung,<br \/>Bearbeitung, Verbreitung und jede Art der Verwertung au\u00dferhalb der Grenzen des Urheberrechtes<br \/>bed\u00fcrfen der schriftlichen Zustimmung des jeweiligen Autors bzw. Erstellers. Downloads und Kopien<br \/>dieser Seite sind nur f\u00fcr den privaten, nicht kommerziellen Gebrauch gestattet.<\/p><p>Soweit die<br \/>Inhalte auf dieser Seite nicht vom Betreiber erstellt wurden, werden die Urheberrechte Dritter beachtet.<br \/>Insbesondere werden Inhalte Dritter als solche gekennzeichnet. Sollten Sie trotzdem auf eine<br \/>Urheberrechtsverletzung aufmerksam werden, bitten wir um einen entsprechenden Hinweis. Bei<br \/>Bekanntwerden von Rechtsverletzungen werden wir derartige Inhalte umgehend entfernen.<\/p><p>\u00a0<\/p><p>Quelle:\u00a0<a href=\"https:\/\/www.e-recht24.de\/\">eRecht24<\/a><\/p>\t\t\t\t\t\t\t\t<\/div>\n\t\t\t\t<\/div>\n\t\t\t\t\t<\/div>\n\t\t<\/div>\n\t\t\t\t\t<\/div>\n\t\t<\/section>\n\t\t\t\t<section class=\"elementor-section elementor-top-section elementor-element elementor-element-535a22ec elementor-section-boxed elementor-section-height-default elementor-section-height-default\" data-id=\"535a22ec\" data-element_type=\"section\" data-e-type=\"section\">\n\t\t\t\t\t\t<div class=\"elementor-container elementor-column-gap-default\">\n\t\t\t\t\t<div class=\"elementor-column elementor-col-100 elementor-top-column elementor-element elementor-element-1a58ddf2\" data-id=\"1a58ddf2\" data-element_type=\"column\" data-e-type=\"column\">\n\t\t\t<div class=\"elementor-widget-wrap elementor-element-populated\">\n\t\t\t\t\t\t<div class=\"elementor-element elementor-element-6678bf4a elementor-cta--layout-image-left elementor-cta--valign-middle elementor-cta--skin-classic elementor-animated-content elementor-bg-transform elementor-bg-transform-zoom-in elementor-widget elementor-widget-call-to-action\" data-id=\"6678bf4a\" data-element_type=\"widget\" data-e-type=\"widget\" data-widget_type=\"call-to-action.default\">\n\t\t\t\t<div class=\"elementor-widget-container\">\n\t\t\t\t\t\t\t<div class=\"elementor-cta\">\n\t\t\t\t\t<div class=\"elementor-cta__bg-wrapper\">\n\t\t\t\t<div class=\"elementor-cta__bg elementor-bg lazyload\" style=\"background-image:inherit;\" role=\"img\" aria-label=\"Wechsel des vorderen Autokennzeichens\" data-bg-image=\"url(https:\/\/zulassung-krefeld.de\/wp-content\/uploads\/2021\/09\/AdobeStock_81385343-1024x683.jpeg)\"><\/div>\n\t\t\t\t<div class=\"elementor-cta__bg-overlay\"><\/div>\n\t\t\t<\/div>\n\t\t\t\t\t\t\t<div class=\"elementor-cta__content\">\n\t\t\t\t\t\t\t\t\t<div class=\"elementor-content-item elementor-cta__content-item elementor-cta__image\">\n\t\t\t\t\t\t<img decoding=\"async\" width=\"250\" height=\"55\" data-src=\"https:\/\/zulassung-krefeld.de\/wp-content\/uploads\/2021\/09\/Logo-zulassungkr_light.png\" class=\"attachment-full size-full wp-image-91 lazyload\" alt=\"\" data-sizes=\"(max-width: 34.9rem) calc(100vw - 2rem), (max-width: 53rem) calc(8 * (100vw \/ 12)), (min-width: 53rem) calc(6 * (100vw \/ 12)), 100vw\" src=\"data:image\/svg+xml;base64,PHN2ZyB3aWR0aD0iMSIgaGVpZ2h0PSIxIiB4bWxucz0iaHR0cDovL3d3dy53My5vcmcvMjAwMC9zdmciPjwvc3ZnPg==\" style=\"--smush-placeholder-width: 250px; --smush-placeholder-aspect-ratio: 250\/55;\" \/>\t\t\t\t\t<\/div>\n\t\t\t\t\n\t\t\t\t\t\t\t\t\t<h2 class=\"elementor-cta__title elementor-cta__content-item elementor-content-item\">\n\t\t\t\t\t\tIhr Zulassungsdienst f\u00fcr Krefeld\t\t\t\t\t<\/h2>\n\t\t\t\t\n\t\t\t\t\t\t\t\t\t<div class=\"elementor-cta__description elementor-cta__content-item elementor-content-item\">\n\t\t\t\t\t\tSie m\u00f6chten Ihr Fahrzeug Anmelden, Ummelden oder Abmelden. Wir helfen Ihnen weiter. Jetzt ganz einfach online einen Termin vereinbaren.\t\t\t\t\t<\/div>\n\t\t\t\t\n\t\t\t\t\t\t\t\t\t<div class=\"elementor-cta__button-wrapper elementor-cta__content-item elementor-content-item \">\n\t\t\t\t\t<a class=\"elementor-cta__button elementor-button elementor-size-\" href=\"#\">\n\t\t\t\t\t\tJetzt Anfragen\t\t\t\t\t<\/a>\n\t\t\t\t\t<\/div>\n\t\t\t\t\t\t\t<\/div>\n\t\t\t\t\t\t<\/div>\n\t\t\t\t\t\t<\/div>\n\t\t\t\t<\/div>\n\t\t\t\t\t<\/div>\n\t\t<\/div>\n\t\t\t\t\t<\/div>\n\t\t<\/section>\n\t\t\t\t<section class=\"elementor-section elementor-top-section elementor-element elementor-element-c407b87 elementor-section-boxed elementor-section-height-default elementor-section-height-default\" data-id=\"c407b87\" data-element_type=\"section\" data-e-type=\"section\" data-settings=\"{&quot;background_background&quot;:&quot;classic&quot;}\">\n\t\t\t\t\t\t<div class=\"elementor-container elementor-column-gap-default\">\n\t\t\t\t\t<div class=\"elementor-column elementor-col-50 elementor-top-column elementor-element elementor-element-72c6ab80\" data-id=\"72c6ab80\" data-element_type=\"column\" data-e-type=\"column\">\n\t\t\t<div class=\"elementor-widget-wrap elementor-element-populated\">\n\t\t\t\t\t\t<div class=\"elementor-element elementor-element-5ba7f5c2 elementor-widget elementor-widget-image\" data-id=\"5ba7f5c2\" data-element_type=\"widget\" data-e-type=\"widget\" data-widget_type=\"image.default\">\n\t\t\t\t<div class=\"elementor-widget-container\">\n\t\t\t\t\t\t\t\t\t\t\t\t\t\t\t<img decoding=\"async\" width=\"210\" height=\"46\" data-src=\"https:\/\/zulassung-krefeld.de\/wp-content\/uploads\/2021\/09\/Logo-zulassungkr-2_light.png\" class=\"attachment-large size-large wp-image-37 lazyload\" alt=\"\" src=\"data:image\/svg+xml;base64,PHN2ZyB3aWR0aD0iMSIgaGVpZ2h0PSIxIiB4bWxucz0iaHR0cDovL3d3dy53My5vcmcvMjAwMC9zdmciPjwvc3ZnPg==\" style=\"--smush-placeholder-width: 210px; --smush-placeholder-aspect-ratio: 210\/46;\" \/>\t\t\t\t\t\t\t\t\t\t\t\t\t\t\t<\/div>\n\t\t\t\t<\/div>\n\t\t\t\t\t<\/div>\n\t\t<\/div>\n\t\t\t\t<div class=\"elementor-column elementor-col-50 elementor-top-column elementor-element elementor-element-568df5be\" data-id=\"568df5be\" data-element_type=\"column\" data-e-type=\"column\">\n\t\t\t<div class=\"elementor-widget-wrap elementor-element-populated\">\n\t\t\t\t\t\t<div class=\"elementor-element elementor-element-56ad334 elementor-nav-menu__align-start elementor-nav-menu--dropdown-none elementor-widget elementor-widget-nav-menu\" data-id=\"56ad334\" data-element_type=\"widget\" data-e-type=\"widget\" data-settings=\"{&quot;layout&quot;:&quot;horizontal&quot;,&quot;submenu_icon&quot;:{&quot;value&quot;:&quot;&lt;i class=\\&quot;fas fa-caret-down\\&quot;&gt;&lt;\\\/i&gt;&quot;,&quot;library&quot;:&quot;fa-solid&quot;}}\" data-widget_type=\"nav-menu.default\">\n\t\t\t\t<div class=\"elementor-widget-container\">\n\t\t\t\t\t\t\t\t<nav class=\"elementor-nav-menu--main elementor-nav-menu__container elementor-nav-menu--layout-horizontal e--pointer-none\">\n\t\t\t\t<ul id=\"menu-1-56ad334\" class=\"elementor-nav-menu\"><li class=\"menu-item menu-item-type-post_type menu-item-object-page menu-item-307\"><a href=\"https:\/\/zulassung-krefeld.de\/en\/impressum\/\" class=\"elementor-item\">Impressum<\/a><\/li>\n<li class=\"menu-item menu-item-type-post_type menu-item-object-page menu-item-privacy-policy menu-item-315\"><a rel=\"privacy-policy\" href=\"https:\/\/zulassung-krefeld.de\/en\/datenschutzerklaerung\/\" class=\"elementor-item\">Datenschutz<\/a><\/li>\n<\/ul>\t\t\t<\/nav>\n\t\t\t\t\t\t<nav class=\"elementor-nav-menu--dropdown elementor-nav-menu__container\" aria-hidden=\"true\">\n\t\t\t\t<ul id=\"menu-2-56ad334\" class=\"elementor-nav-menu\"><li class=\"menu-item menu-item-type-post_type menu-item-object-page menu-item-307\"><a href=\"https:\/\/zulassung-krefeld.de\/en\/impressum\/\" class=\"elementor-item\" tabindex=\"-1\">Impressum<\/a><\/li>\n<li class=\"menu-item menu-item-type-post_type menu-item-object-page menu-item-privacy-policy menu-item-315\"><a rel=\"privacy-policy\" href=\"https:\/\/zulassung-krefeld.de\/en\/datenschutzerklaerung\/\" class=\"elementor-item\" tabindex=\"-1\">Datenschutz<\/a><\/li>\n<\/ul>\t\t\t<\/nav>\n\t\t\t\t\t\t<\/div>\n\t\t\t\t<\/div>\n\t\t\t\t\t<\/div>\n\t\t<\/div>\n\t\t\t\t\t<\/div>\n\t\t<\/section>\n\t\t\t\t<section class=\"elementor-section elementor-top-section elementor-element elementor-element-1a931ab9 elementor-section-boxed elementor-section-height-default elementor-section-height-default\" data-id=\"1a931ab9\" data-element_type=\"section\" data-e-type=\"section\" data-settings=\"{&quot;background_background&quot;:&quot;classic&quot;}\">\n\t\t\t\t\t\t<div class=\"elementor-container elementor-column-gap-default\">\n\t\t\t\t\t<div class=\"elementor-column elementor-col-25 elementor-top-column elementor-element elementor-element-6003a597\" data-id=\"6003a597\" data-element_type=\"column\" data-e-type=\"column\">\n\t\t\t<div class=\"elementor-widget-wrap elementor-element-populated\">\n\t\t\t\t\t\t<div class=\"elementor-element elementor-element-45e72bdc elementor-widget elementor-widget-text-editor\" data-id=\"45e72bdc\" data-element_type=\"widget\" data-e-type=\"widget\" data-widget_type=\"text-editor.default\">\n\t\t\t\t<div class=\"elementor-widget-container\">\n\t\t\t\t\t\t\t\t\t<p>\u00a9 2020 Zulassung Krefeld bei Smartparts24<\/p>\t\t\t\t\t\t\t\t<\/div>\n\t\t\t\t<\/div>\n\t\t\t\t\t<\/div>\n\t\t<\/div>\n\t\t\t\t<div class=\"elementor-column elementor-col-50 elementor-top-column elementor-element elementor-element-629d793d\" data-id=\"629d793d\" data-element_type=\"column\" data-e-type=\"column\">\n\t\t\t<div class=\"elementor-widget-wrap\">\n\t\t\t\t\t\t\t<\/div>\n\t\t<\/div>\n\t\t\t\t<div class=\"elementor-column elementor-col-25 elementor-top-column elementor-element elementor-element-58378b58\" data-id=\"58378b58\" data-element_type=\"column\" data-e-type=\"column\">\n\t\t\t<div class=\"elementor-widget-wrap elementor-element-populated\">\n\t\t\t\t\t\t<div class=\"elementor-element elementor-element-25ac19ca elementor-shape-square e-grid-align-right elementor-grid-0 elementor-widget elementor-widget-social-icons\" data-id=\"25ac19ca\" data-element_type=\"widget\" data-e-type=\"widget\" data-widget_type=\"social-icons.default\">\n\t\t\t\t<div class=\"elementor-widget-container\">\n\t\t\t\t\t\t\t<div class=\"elementor-social-icons-wrapper elementor-grid\" role=\"list\">\n\t\t\t\t\t\t\t<span class=\"elementor-grid-item\" role=\"listitem\">\n\t\t\t\t\t<a class=\"elementor-icon elementor-social-icon elementor-social-icon-facebook elementor-animation-grow elementor-repeater-item-0e23116\" target=\"_blank\">\n\t\t\t\t\t\t<span class=\"elementor-screen-only\">Facebook<\/span>\n\t\t\t\t\t\t<i aria-hidden=\"true\" class=\"fab fa-facebook\"><\/i>\t\t\t\t\t<\/a>\n\t\t\t\t<\/span>\n\t\t\t\t\t\t\t<span class=\"elementor-grid-item\" role=\"listitem\">\n\t\t\t\t\t<a class=\"elementor-icon elementor-social-icon elementor-social-icon-twitter elementor-animation-grow elementor-repeater-item-70a5bbf\" target=\"_blank\">\n\t\t\t\t\t\t<span class=\"elementor-screen-only\">Twitter<\/span>\n\t\t\t\t\t\t<i aria-hidden=\"true\" class=\"fab fa-twitter\"><\/i>\t\t\t\t\t<\/a>\n\t\t\t\t<\/span>\n\t\t\t\t\t\t\t<span class=\"elementor-grid-item\" role=\"listitem\">\n\t\t\t\t\t<a class=\"elementor-icon elementor-social-icon elementor-social-icon-youtube elementor-animation-grow elementor-repeater-item-23ea04b\" target=\"_blank\">\n\t\t\t\t\t\t<span class=\"elementor-screen-only\">Youtube<\/span>\n\t\t\t\t\t\t<i aria-hidden=\"true\" class=\"fab fa-youtube\"><\/i>\t\t\t\t\t<\/a>\n\t\t\t\t<\/span>\n\t\t\t\t\t<\/div>\n\t\t\t\t\t\t<\/div>\n\t\t\t\t<\/div>\n\t\t\t\t\t<\/div>\n\t\t<\/div>\n\t\t\t\t\t<\/div>\n\t\t<\/section>\n\t\t\t\t<\/div>\n\t\t","protected":false},"excerpt":{"rendered":"<p>Impressum Zulassung-Krefeld.de ist ein Service der Firma Smartparts24 in Krefeld. Gerne k\u00f6nnen Sie uns auch \u00fcber die Mail: mail@zulassung-krefeld.de direkt erreichen. F\u00fcr alle anderen Anfragen nutzen Sie die unter E-Mail. Angaben gem\u00e4\u00df \u00a7 5 TMG: Smartparts24Giuseppe AvolioNeu- und Gebrauchtwagenh\u00e4ndler, KFZ-Ersatzteilh\u00e4ndlerMagdeburgerstra\u00dfe 21-2347800 Krefeld Kontakt: Telefon: 02151 4866267 Telefax: 02151 4866285 E-Mail: info@smartparts24.de Umsatzsteuer-Identifikationsnummer gem\u00e4\u00df\u00a727 a Umsatzsteuergesetz:DE &hellip; <\/p>\n<p class=\"link-more\"><a href=\"https:\/\/zulassung-krefeld.de\/en\/impressum\/\" class=\"more-link\">Continue reading<span class=\"screen-reader-text\"> &#8222;Impressum&#8220;<\/span><\/a><\/p>","protected":false},"author":1,"featured_media":0,"parent":0,"menu_order":0,"comment_status":"closed","ping_status":"closed","template":"elementor_header_footer","meta":{"footnotes":""},"class_list":["post-299","page","type-page","status-publish","hentry","entry"],"yoast_head":"<!-- This site is optimized with the Yoast SEO plugin v27.6 - https:\/\/yoast.com\/product\/yoast-seo-wordpress\/ -->\n<title>Impressum - Zulassung Krefeld<\/title>\n<meta name=\"robots\" content=\"index, follow, max-snippet:-1, max-image-preview:large, max-video-preview:-1\" \/>\n<link rel=\"canonical\" href=\"https:\/\/zulassung-krefeld.de\/en\/impressum\/\" \/>\n<meta property=\"og:locale\" content=\"en_US\" \/>\n<meta property=\"og:type\" content=\"article\" \/>\n<meta property=\"og:title\" content=\"Impressum - Zulassung Krefeld\" \/>\n<meta property=\"og:description\" content=\"Impressum Zulassung-Krefeld.de ist ein Service der Firma Smartparts24 in Krefeld. Gerne k\u00f6nnen Sie uns auch \u00fcber die Mail: mail@zulassung-krefeld.de direkt erreichen. F\u00fcr alle anderen Anfragen nutzen Sie die unter E-Mail. Angaben gem\u00e4\u00df \u00a7 5 TMG: Smartparts24Giuseppe AvolioNeu- und Gebrauchtwagenh\u00e4ndler, KFZ-Ersatzteilh\u00e4ndlerMagdeburgerstra\u00dfe 21-2347800 Krefeld Kontakt: Telefon: 02151 4866267 Telefax: 02151 4866285 E-Mail: info@smartparts24.de Umsatzsteuer-Identifikationsnummer gem\u00e4\u00df\u00a727 a Umsatzsteuergesetz:DE &hellip; Continue reading &quot;Impressum&quot;\" \/>\n<meta property=\"og:url\" content=\"https:\/\/zulassung-krefeld.de\/en\/impressum\/\" \/>\n<meta property=\"og:site_name\" content=\"Zulassung Krefeld\" \/>\n<meta property=\"article:modified_time\" content=\"2021-10-05T16:12:33+00:00\" \/>\n<meta property=\"og:image\" content=\"https:\/\/zulassung-krefeld.de\/wp-content\/uploads\/2021\/09\/Logo-zulassungkr_light.png\" \/>\n<meta name=\"twitter:card\" content=\"summary_large_image\" \/>\n<meta name=\"twitter:label1\" content=\"Est. reading time\" \/>\n\t<meta name=\"twitter:data1\" content=\"3 minutes\" \/>\n<script type=\"application\/ld+json\" class=\"yoast-schema-graph\">{\"@context\":\"https:\\\/\\\/schema.org\",\"@graph\":[{\"@type\":\"WebPage\",\"@id\":\"https:\\\/\\\/zulassung-krefeld.de\\\/impressum\\\/\",\"url\":\"https:\\\/\\\/zulassung-krefeld.de\\\/impressum\\\/\",\"name\":\"Impressum - Zulassung Krefeld\",\"isPartOf\":{\"@id\":\"https:\\\/\\\/zulassung-krefeld.de\\\/#website\"},\"primaryImageOfPage\":{\"@id\":\"https:\\\/\\\/zulassung-krefeld.de\\\/impressum\\\/#primaryimage\"},\"image\":{\"@id\":\"https:\\\/\\\/zulassung-krefeld.de\\\/impressum\\\/#primaryimage\"},\"thumbnailUrl\":\"https:\\\/\\\/zulassung-krefeld.de\\\/wp-content\\\/uploads\\\/2021\\\/09\\\/Logo-zulassungkr_light.png\",\"datePublished\":\"2021-10-05T16:10:06+00:00\",\"dateModified\":\"2021-10-05T16:12:33+00:00\",\"breadcrumb\":{\"@id\":\"https:\\\/\\\/zulassung-krefeld.de\\\/impressum\\\/#breadcrumb\"},\"inLanguage\":\"en-US\",\"potentialAction\":[{\"@type\":\"ReadAction\",\"target\":[\"https:\\\/\\\/zulassung-krefeld.de\\\/impressum\\\/\"]}]},{\"@type\":\"ImageObject\",\"inLanguage\":\"en-US\",\"@id\":\"https:\\\/\\\/zulassung-krefeld.de\\\/impressum\\\/#primaryimage\",\"url\":\"https:\\\/\\\/zulassung-krefeld.de\\\/wp-content\\\/uploads\\\/2021\\\/09\\\/Logo-zulassungkr_light.png\",\"contentUrl\":\"https:\\\/\\\/zulassung-krefeld.de\\\/wp-content\\\/uploads\\\/2021\\\/09\\\/Logo-zulassungkr_light.png\"},{\"@type\":\"BreadcrumbList\",\"@id\":\"https:\\\/\\\/zulassung-krefeld.de\\\/impressum\\\/#breadcrumb\",\"itemListElement\":[{\"@type\":\"ListItem\",\"position\":1,\"name\":\"Startseite\",\"item\":\"https:\\\/\\\/zulassung-krefeld.de\\\/\"},{\"@type\":\"ListItem\",\"position\":2,\"name\":\"Impressum\"}]},{\"@type\":\"WebSite\",\"@id\":\"https:\\\/\\\/zulassung-krefeld.de\\\/#website\",\"url\":\"https:\\\/\\\/zulassung-krefeld.de\\\/\",\"name\":\"Zulassung Krefeld\",\"description\":\"Schnell &amp; unkompliziert\",\"publisher\":{\"@id\":\"https:\\\/\\\/zulassung-krefeld.de\\\/#organization\"},\"potentialAction\":[{\"@type\":\"SearchAction\",\"target\":{\"@type\":\"EntryPoint\",\"urlTemplate\":\"https:\\\/\\\/zulassung-krefeld.de\\\/?s={search_term_string}\"},\"query-input\":{\"@type\":\"PropertyValueSpecification\",\"valueRequired\":true,\"valueName\":\"search_term_string\"}}],\"inLanguage\":\"en-US\"},{\"@type\":\"Organization\",\"@id\":\"https:\\\/\\\/zulassung-krefeld.de\\\/#organization\",\"name\":\"Zulassung Krefeld\",\"url\":\"https:\\\/\\\/zulassung-krefeld.de\\\/\",\"logo\":{\"@type\":\"ImageObject\",\"inLanguage\":\"en-US\",\"@id\":\"https:\\\/\\\/zulassung-krefeld.de\\\/#\\\/schema\\\/logo\\\/image\\\/\",\"url\":\"https:\\\/\\\/zulassung-krefeld.de\\\/wp-content\\\/uploads\\\/2021\\\/09\\\/Logo-zulassungkr-2-header-2.png\",\"contentUrl\":\"https:\\\/\\\/zulassung-krefeld.de\\\/wp-content\\\/uploads\\\/2021\\\/09\\\/Logo-zulassungkr-2-header-2.png\",\"width\":320,\"height\":71,\"caption\":\"Zulassung Krefeld\"},\"image\":{\"@id\":\"https:\\\/\\\/zulassung-krefeld.de\\\/#\\\/schema\\\/logo\\\/image\\\/\"}}]}<\/script>\n<!-- \/ Yoast SEO plugin. -->","yoast_head_json":{"title":"Impressum - Zulassung Krefeld","robots":{"index":"index","follow":"follow","max-snippet":"max-snippet:-1","max-image-preview":"max-image-preview:large","max-video-preview":"max-video-preview:-1"},"canonical":"https:\/\/zulassung-krefeld.de\/en\/impressum\/","og_locale":"en_US","og_type":"article","og_title":"Impressum - Zulassung Krefeld","og_description":"Impressum Zulassung-Krefeld.de ist ein Service der Firma Smartparts24 in Krefeld. Gerne k\u00f6nnen Sie uns auch \u00fcber die Mail: mail@zulassung-krefeld.de direkt erreichen. F\u00fcr alle anderen Anfragen nutzen Sie die unter E-Mail. Angaben gem\u00e4\u00df \u00a7 5 TMG: Smartparts24Giuseppe AvolioNeu- und Gebrauchtwagenh\u00e4ndler, KFZ-Ersatzteilh\u00e4ndlerMagdeburgerstra\u00dfe 21-2347800 Krefeld Kontakt: Telefon: 02151 4866267 Telefax: 02151 4866285 E-Mail: info@smartparts24.de Umsatzsteuer-Identifikationsnummer gem\u00e4\u00df\u00a727 a Umsatzsteuergesetz:DE &hellip; Continue reading \"Impressum\"","og_url":"https:\/\/zulassung-krefeld.de\/en\/impressum\/","og_site_name":"Zulassung Krefeld","article_modified_time":"2021-10-05T16:12:33+00:00","og_image":[{"url":"https:\/\/zulassung-krefeld.de\/wp-content\/uploads\/2021\/09\/Logo-zulassungkr_light.png","type":"","width":"","height":""}],"twitter_card":"summary_large_image","twitter_misc":{"Est. reading time":"3 minutes"},"schema":{"@context":"https:\/\/schema.org","@graph":[{"@type":"WebPage","@id":"https:\/\/zulassung-krefeld.de\/impressum\/","url":"https:\/\/zulassung-krefeld.de\/impressum\/","name":"Impressum - Zulassung Krefeld","isPartOf":{"@id":"https:\/\/zulassung-krefeld.de\/#website"},"primaryImageOfPage":{"@id":"https:\/\/zulassung-krefeld.de\/impressum\/#primaryimage"},"image":{"@id":"https:\/\/zulassung-krefeld.de\/impressum\/#primaryimage"},"thumbnailUrl":"https:\/\/zulassung-krefeld.de\/wp-content\/uploads\/2021\/09\/Logo-zulassungkr_light.png","datePublished":"2021-10-05T16:10:06+00:00","dateModified":"2021-10-05T16:12:33+00:00","breadcrumb":{"@id":"https:\/\/zulassung-krefeld.de\/impressum\/#breadcrumb"},"inLanguage":"en-US","potentialAction":[{"@type":"ReadAction","target":["https:\/\/zulassung-krefeld.de\/impressum\/"]}]},{"@type":"ImageObject","inLanguage":"en-US","@id":"https:\/\/zulassung-krefeld.de\/impressum\/#primaryimage","url":"https:\/\/zulassung-krefeld.de\/wp-content\/uploads\/2021\/09\/Logo-zulassungkr_light.png","contentUrl":"https:\/\/zulassung-krefeld.de\/wp-content\/uploads\/2021\/09\/Logo-zulassungkr_light.png"},{"@type":"BreadcrumbList","@id":"https:\/\/zulassung-krefeld.de\/impressum\/#breadcrumb","itemListElement":[{"@type":"ListItem","position":1,"name":"Startseite","item":"https:\/\/zulassung-krefeld.de\/"},{"@type":"ListItem","position":2,"name":"Impressum"}]},{"@type":"WebSite","@id":"https:\/\/zulassung-krefeld.de\/#website","url":"https:\/\/zulassung-krefeld.de\/","name":"Zulassung Krefeld","description":"Schnell &amp; unkompliziert","publisher":{"@id":"https:\/\/zulassung-krefeld.de\/#organization"},"potentialAction":[{"@type":"SearchAction","target":{"@type":"EntryPoint","urlTemplate":"https:\/\/zulassung-krefeld.de\/?s={search_term_string}"},"query-input":{"@type":"PropertyValueSpecification","valueRequired":true,"valueName":"search_term_string"}}],"inLanguage":"en-US"},{"@type":"Organization","@id":"https:\/\/zulassung-krefeld.de\/#organization","name":"Zulassung Krefeld","url":"https:\/\/zulassung-krefeld.de\/","logo":{"@type":"ImageObject","inLanguage":"en-US","@id":"https:\/\/zulassung-krefeld.de\/#\/schema\/logo\/image\/","url":"https:\/\/zulassung-krefeld.de\/wp-content\/uploads\/2021\/09\/Logo-zulassungkr-2-header-2.png","contentUrl":"https:\/\/zulassung-krefeld.de\/wp-content\/uploads\/2021\/09\/Logo-zulassungkr-2-header-2.png","width":320,"height":71,"caption":"Zulassung Krefeld"},"image":{"@id":"https:\/\/zulassung-krefeld.de\/#\/schema\/logo\/image\/"}}]}},"_links":{"self":[{"href":"https:\/\/zulassung-krefeld.de\/en\/wp-json\/wp\/v2\/pages\/299","targetHints":{"allow":["GET"]}}],"collection":[{"href":"https:\/\/zulassung-krefeld.de\/en\/wp-json\/wp\/v2\/pages"}],"about":[{"href":"https:\/\/zulassung-krefeld.de\/en\/wp-json\/wp\/v2\/types\/page"}],"author":[{"embeddable":true,"href":"https:\/\/zulassung-krefeld.de\/en\/wp-json\/wp\/v2\/users\/1"}],"replies":[{"embeddable":true,"href":"https:\/\/zulassung-krefeld.de\/en\/wp-json\/wp\/v2\/comments?post=299"}],"version-history":[{"count":7,"href":"https:\/\/zulassung-krefeld.de\/en\/wp-json\/wp\/v2\/pages\/299\/revisions"}],"predecessor-version":[{"id":306,"href":"https:\/\/zulassung-krefeld.de\/en\/wp-json\/wp\/v2\/pages\/299\/revisions\/306"}],"wp:attachment":[{"href":"https:\/\/zulassung-krefeld.de\/en\/wp-json\/wp\/v2\/media?parent=299"}],"curies":[{"name":"wp","href":"https:\/\/api.w.org\/{rel}","templated":true}]}}